{"id":1108,"date":"2021-09-15T13:03:55","date_gmt":"2021-09-15T11:03:55","guid":{"rendered":"https:\/\/gelsenchem.emsrv4.de\/?page_id=1108"},"modified":"2025-01-02T09:15:45","modified_gmt":"2025-01-02T08:15:45","slug":"imprint","status":"publish","type":"page","link":"https:\/\/www.gelsenchem.de\/en\/imprint\/","title":{"rendered":"Imprint"},"content":{"rendered":"<p>[et_pb_section fb_built=&#8221;1&#8243; _builder_version=&#8221;4.16&#8243; _module_preset=&#8221;default&#8221; global_colors_info=&#8221;{}&#8221;][et_pb_row _builder_version=&#8221;4.16&#8243; _module_preset=&#8221;default&#8221; global_colors_info=&#8221;{}&#8221;][et_pb_column type=&#8221;4_4&#8243; _builder_version=&#8221;4.16&#8243; _module_preset=&#8221;default&#8221; global_colors_info=&#8221;{}&#8221;][et_pb_text _builder_version=&#8221;4.16&#8243; _module_preset=&#8221;default&#8221; global_colors_info=&#8221;{}&#8221;]<\/p>\n<h2>Legal notice<\/h2>\n<p>[\/et_pb_text][\/et_pb_column][\/et_pb_row][et_pb_row column_structure=&#8221;1_2,1_2&#8243; _builder_version=&#8221;4.16&#8243; _module_preset=&#8221;default&#8221; global_colors_info=&#8221;{}&#8221;][et_pb_column type=&#8221;1_2&#8243; _builder_version=&#8221;4.16&#8243; _module_preset=&#8221;default&#8221; global_colors_info=&#8221;{}&#8221;][et_pb_text _builder_version=&#8221;4.26.1&#8243; _module_preset=&#8221;default&#8221; hover_enabled=&#8221;0&#8243; global_colors_info=&#8221;{}&#8221; sticky_enabled=&#8221;0&#8243;]<\/p>\n<p><strong>Gelsenchem Chemical Products GmbH<\/strong><\/p>\n<p>Bebelallee 1<br \/>D-22299 Hamburg<\/p>\n<p>Tel.: +49 40 555 933-0<br \/>Fax: +49 40 555 933-14<a href=\"http:\/\/www.gelsenchem.de\"><\/a><\/p>\n<p>Internet address: <a href=\"http:\/\/www.gelsenchem.de\">www.gelsenchem.de<\/a><\/p>\n<p>accountable and position:<br \/>Ingo R\u00fcrup, Managing Director<br \/>R\u00fcdiger Funke, Managing Director and Associate<br \/>Dr. Nils-Oliver H\u00f6ppner, Associate<\/p>\n<p>Traderegister: HRB 89187, AG Hamburg<br \/>Head Office: Hamburg<br \/>VAT ID: DE 813871040<br \/>VAT ID: NL 812870268B01<\/p>\n<p>Privacy Consultant: Ulrike Gl\u00f6de<\/p>\n<p>[\/et_pb_text][\/et_pb_column][et_pb_column type=&#8221;1_2&#8243; _builder_version=&#8221;4.16&#8243; _module_preset=&#8221;default&#8221; global_colors_info=&#8221;{}&#8221;][et_pb_text _builder_version=&#8221;4.16&#8243; _module_preset=&#8221;default&#8221; global_colors_info=&#8221;{}&#8221;]<\/p>\n<div class=\"col-md-4\">\n<p class=\"m-0\"><strong>Umsetzung und Betreuung<\/strong><a href=\"https:\/\/www.emotivo.de\" target=\"_blank\" rel=\"noopener noreferrer\"><\/a><\/p>\n<\/div>\n<p>[\/et_pb_text][et_pb_image src=&#8221;https:\/\/www.gelsenchem.de\/wp-content\/uploads\/2021\/09\/eMotivo_logo.png&#8221; title_text=&#8221;eMotivo_logo&#8221; _builder_version=&#8221;4.16&#8243; _module_preset=&#8221;default&#8221; width=&#8221;55%&#8221; global_colors_info=&#8221;{}&#8221;][\/et_pb_image][et_pb_text _builder_version=&#8221;4.16&#8243; _module_preset=&#8221;default&#8221; global_colors_info=&#8221;{}&#8221;]eMotivo GmbH<br \/>\nItzenb\u00fctteler Str. 97<br \/>\n21266 Jesteburg<br \/>\n<a href=\"https:\/\/www.emotivo.de\" target=\"_blank\" rel=\"noopener noreferrer\">www.emotivo.de<\/a>[\/et_pb_text][\/et_pb_column][\/et_pb_row][et_pb_row _builder_version=&#8221;4.16&#8243; _module_preset=&#8221;default&#8221; global_colors_info=&#8221;{}&#8221;][et_pb_column type=&#8221;4_4&#8243; _builder_version=&#8221;4.16&#8243; _module_preset=&#8221;default&#8221; global_colors_info=&#8221;{}&#8221;][et_pb_text _builder_version=&#8221;4.16&#8243; _module_preset=&#8221;default&#8221; global_colors_info=&#8221;{}&#8221;]<\/p>\n<p><strong>Content of online offer<\/strong><br \/>The information, addresses and images published by the website provider are researched with the utmost care. Notwithstanding, we are not liable for their correctness. The information and images serve solely for the personal information of the user. No part of this publication may be reproduced, processed, copied or distributed with the aid of electronic systems in any form without the explicit written consent of the publisher. Names of products or companies are used without guarantee of free use. The website provider explicitly reserves the right to change, delete or temporarily or finally stop pages or individual or the entire offers without special announcement. The provided documents\/information can be obsolete due to current developments without having been altered. All offers are subject to change and non-binding.<br \/><strong><\/strong><\/p>\n<p><strong>Copyright and usage rights<\/strong><br \/>The websites, their programming, contents, design and structure are subject to copyright, trademark laws and competition-based proprietary rights. Copyright information and trademark names may be neither changed nor removed. The copying, distribution, provision for downloading or online accessibility (adoption into other websites) of our websites, the layout of the websites, their contents (texts, images, programs), completely or in parts, in altered or unaltered form, is only admissible following the prior written consent of the website provider. Merely the non-commercial, private usage is admissible within the limits of the Copyright Act.<br \/><strong><\/strong><\/p>\n<p><strong>References and links<\/strong><br \/>Contents of websites which were linked from this site can change without the knowledge of the website provider. We therefore explicitly distance ourselves from contents and designs of websites accessible via links which were altered after the placing of the link and reject any liability if they violate laws \/ statutory provisions etc. The opinions of linked websites may, but does not have to represent our opinion, even if they comply with all laws and regulations.<\/p>\n<p>[\/et_pb_text][\/et_pb_column][\/et_pb_row][\/et_pb_section]<\/p>\n","protected":false},"excerpt":{"rendered":"<p>Legal noticeGelsenchem Chemical Products GmbH Bebelallee 1D-22299 Hamburg Tel.: +49 40 555 933-0Fax: +49 40 555 933-14 Internet address: www.gelsenchem.de accountable and position:Ingo R\u00fcrup, Managing DirectorR\u00fcdiger Funke, Managing Director and AssociateDr. Nils-Oliver H\u00f6ppner, Associate Traderegister: HRB 89187, AG HamburgHead Office: HamburgVAT ID: DE 813871040VAT ID: NL 812870268B01 Privacy Consultant: Ulrike Gl\u00f6de Umsetzung und Betreuung eMotivo [&hellip;]<\/p>\n","protected":false},"author":1,"featured_media":0,"parent":0,"menu_order":6,"comment_status":"closed","ping_status":"closed","template":"","meta":{"_et_pb_use_builder":"on","_et_pb_old_content":"","_et_gb_content_width":"","footnotes":""},"class_list":["post-1108","page","type-page","status-publish","hentry"],"yoast_head":"<!-- This site is optimized with the Yoast SEO plugin v27.4 - https:\/\/yoast.com\/product\/yoast-seo-wordpress\/ -->\n<title>Imprint - Gelsenchem Chemical Products<\/title>\n<meta name=\"robots\" content=\"index, follow, max-snippet:-1, max-image-preview:large, max-video-preview:-1\" \/>\n<link rel=\"canonical\" href=\"https:\/\/www.gelsenchem.de\/en\/imprint\/\" \/>\n<meta property=\"og:locale\" content=\"en_US\" \/>\n<meta property=\"og:type\" content=\"article\" \/>\n<meta property=\"og:title\" content=\"Imprint - Gelsenchem Chemical Products\" \/>\n<meta property=\"og:description\" content=\"Legal noticeGelsenchem Chemical Products GmbH Bebelallee 1D-22299 Hamburg Tel.: +49 40 555 933-0Fax: +49 40 555 933-14 Internet address: www.gelsenchem.de accountable and position:Ingo R\u00fcrup, Managing DirectorR\u00fcdiger Funke, Managing Director and AssociateDr. Nils-Oliver H\u00f6ppner, Associate Traderegister: HRB 89187, AG HamburgHead Office: HamburgVAT ID: DE 813871040VAT ID: NL 812870268B01 Privacy Consultant: Ulrike Gl\u00f6de Umsetzung und Betreuung eMotivo [&hellip;]\" \/>\n<meta property=\"og:url\" content=\"https:\/\/www.gelsenchem.de\/en\/imprint\/\" \/>\n<meta property=\"og:site_name\" content=\"Gelsenchem Chemical Products\" \/>\n<meta property=\"article:modified_time\" content=\"2025-01-02T08:15:45+00:00\" \/>\n<meta name=\"twitter:card\" content=\"summary_large_image\" \/>\n<meta name=\"twitter:label1\" content=\"Est. reading time\" \/>\n\t<meta name=\"twitter:data1\" content=\"3 minutes\" \/>\n<script type=\"application\/ld+json\" class=\"yoast-schema-graph\">{\"@context\":\"https:\\\/\\\/schema.org\",\"@graph\":[{\"@type\":\"WebPage\",\"@id\":\"https:\\\/\\\/www.gelsenchem.de\\\/en\\\/imprint\\\/\",\"url\":\"https:\\\/\\\/www.gelsenchem.de\\\/en\\\/imprint\\\/\",\"name\":\"Imprint - Gelsenchem Chemical Products\",\"isPartOf\":{\"@id\":\"https:\\\/\\\/www.gelsenchem.de\\\/#website\"},\"datePublished\":\"2021-09-15T11:03:55+00:00\",\"dateModified\":\"2025-01-02T08:15:45+00:00\",\"breadcrumb\":{\"@id\":\"https:\\\/\\\/www.gelsenchem.de\\\/en\\\/imprint\\\/#breadcrumb\"},\"inLanguage\":\"en-US\",\"potentialAction\":[{\"@type\":\"ReadAction\",\"target\":[\"https:\\\/\\\/www.gelsenchem.de\\\/en\\\/imprint\\\/\"]}]},{\"@type\":\"BreadcrumbList\",\"@id\":\"https:\\\/\\\/www.gelsenchem.de\\\/en\\\/imprint\\\/#breadcrumb\",\"itemListElement\":[{\"@type\":\"ListItem\",\"position\":1,\"name\":\"Startseite\",\"item\":\"https:\\\/\\\/www.gelsenchem.de\\\/en\\\/\"},{\"@type\":\"ListItem\",\"position\":2,\"name\":\"Imprint\"}]},{\"@type\":\"WebSite\",\"@id\":\"https:\\\/\\\/www.gelsenchem.de\\\/#website\",\"url\":\"https:\\\/\\\/www.gelsenchem.de\\\/\",\"name\":\"Gelsenchem Chemical Products\",\"description\":\"\",\"potentialAction\":[{\"@type\":\"SearchAction\",\"target\":{\"@type\":\"EntryPoint\",\"urlTemplate\":\"https:\\\/\\\/www.gelsenchem.de\\\/?s={search_term_string}\"},\"query-input\":{\"@type\":\"PropertyValueSpecification\",\"valueRequired\":true,\"valueName\":\"search_term_string\"}}],\"inLanguage\":\"en-US\"}]}<\/script>\n<!-- \/ Yoast SEO plugin. -->","yoast_head_json":{"title":"Imprint - Gelsenchem Chemical Products","robots":{"index":"index","follow":"follow","max-snippet":"max-snippet:-1","max-image-preview":"max-image-preview:large","max-video-preview":"max-video-preview:-1"},"canonical":"https:\/\/www.gelsenchem.de\/en\/imprint\/","og_locale":"en_US","og_type":"article","og_title":"Imprint - Gelsenchem Chemical Products","og_description":"Legal noticeGelsenchem Chemical Products GmbH Bebelallee 1D-22299 Hamburg Tel.: +49 40 555 933-0Fax: +49 40 555 933-14 Internet address: www.gelsenchem.de accountable and position:Ingo R\u00fcrup, Managing DirectorR\u00fcdiger Funke, Managing Director and AssociateDr. Nils-Oliver H\u00f6ppner, Associate Traderegister: HRB 89187, AG HamburgHead Office: HamburgVAT ID: DE 813871040VAT ID: NL 812870268B01 Privacy Consultant: Ulrike Gl\u00f6de Umsetzung und Betreuung eMotivo [&hellip;]","og_url":"https:\/\/www.gelsenchem.de\/en\/imprint\/","og_site_name":"Gelsenchem Chemical Products","article_modified_time":"2025-01-02T08:15:45+00:00","twitter_card":"summary_large_image","twitter_misc":{"Est. reading time":"3 minutes"},"schema":{"@context":"https:\/\/schema.org","@graph":[{"@type":"WebPage","@id":"https:\/\/www.gelsenchem.de\/en\/imprint\/","url":"https:\/\/www.gelsenchem.de\/en\/imprint\/","name":"Imprint - Gelsenchem Chemical Products","isPartOf":{"@id":"https:\/\/www.gelsenchem.de\/#website"},"datePublished":"2021-09-15T11:03:55+00:00","dateModified":"2025-01-02T08:15:45+00:00","breadcrumb":{"@id":"https:\/\/www.gelsenchem.de\/en\/imprint\/#breadcrumb"},"inLanguage":"en-US","potentialAction":[{"@type":"ReadAction","target":["https:\/\/www.gelsenchem.de\/en\/imprint\/"]}]},{"@type":"BreadcrumbList","@id":"https:\/\/www.gelsenchem.de\/en\/imprint\/#breadcrumb","itemListElement":[{"@type":"ListItem","position":1,"name":"Startseite","item":"https:\/\/www.gelsenchem.de\/en\/"},{"@type":"ListItem","position":2,"name":"Imprint"}]},{"@type":"WebSite","@id":"https:\/\/www.gelsenchem.de\/#website","url":"https:\/\/www.gelsenchem.de\/","name":"Gelsenchem Chemical Products","description":"","potentialAction":[{"@type":"SearchAction","target":{"@type":"EntryPoint","urlTemplate":"https:\/\/www.gelsenchem.de\/?s={search_term_string}"},"query-input":{"@type":"PropertyValueSpecification","valueRequired":true,"valueName":"search_term_string"}}],"inLanguage":"en-US"}]}},"_links":{"self":[{"href":"https:\/\/www.gelsenchem.de\/en\/wp-json\/wp\/v2\/pages\/1108","targetHints":{"allow":["GET"]}}],"collection":[{"href":"https:\/\/www.gelsenchem.de\/en\/wp-json\/wp\/v2\/pages"}],"about":[{"href":"https:\/\/www.gelsenchem.de\/en\/wp-json\/wp\/v2\/types\/page"}],"author":[{"embeddable":true,"href":"https:\/\/www.gelsenchem.de\/en\/wp-json\/wp\/v2\/users\/1"}],"replies":[{"embeddable":true,"href":"https:\/\/www.gelsenchem.de\/en\/wp-json\/wp\/v2\/comments?post=1108"}],"version-history":[{"count":6,"href":"https:\/\/www.gelsenchem.de\/en\/wp-json\/wp\/v2\/pages\/1108\/revisions"}],"predecessor-version":[{"id":2488,"href":"https:\/\/www.gelsenchem.de\/en\/wp-json\/wp\/v2\/pages\/1108\/revisions\/2488"}],"wp:attachment":[{"href":"https:\/\/www.gelsenchem.de\/en\/wp-json\/wp\/v2\/media?parent=1108"}],"curies":[{"name":"wp","href":"https:\/\/api.w.org\/{rel}","templated":true}]}}