{"id":963,"date":"2021-09-14T10:32:39","date_gmt":"2021-09-14T08:32:39","guid":{"rendered":"https:\/\/gelsenchem.emsrv4.de\/?page_id=963"},"modified":"2021-09-27T16:24:00","modified_gmt":"2021-09-27T14:24:00","slug":"denitol-gk","status":"publish","type":"page","link":"https:\/\/www.gelsenchem.de\/en\/products\/chemicals-for-wastewater-treatment\/denitol-gk\/","title":{"rendered":"DENiTOL\u00ae &#8211; GK"},"content":{"rendered":"<p>[et_pb_section fb_built=&#8221;1&#8243; fullwidth=&#8221;on&#8221; module_class=&#8221;h-200&#8243; _builder_version=&#8221;4.9.4&#8243; _module_preset=&#8221;default&#8221;][et_pb_fullwidth_image src=&#8221;https:\/\/www.gelsenchem.de\/wp-content\/uploads\/2021\/09\/Abwasserchemie_sm.jpg&#8221; title_text=&#8221;Abwasserchemie_sm&#8221; _builder_version=&#8221;4.9.4&#8243; _module_preset=&#8221;default&#8221;][\/et_pb_fullwidth_image][\/et_pb_section][et_pb_section fb_built=&#8221;1&#8243; _builder_version=&#8221;4.9.4&#8243; _module_preset=&#8221;default&#8221;][et_pb_row module_class=&#8221;plr-30&#8243; _builder_version=&#8221;4.9.4&#8243; _module_preset=&#8221;default&#8221; width=&#8221;100%&#8221; max_width=&#8221;1380px&#8221;][et_pb_column type=&#8221;4_4&#8243; _builder_version=&#8221;4.9.4&#8243; _module_preset=&#8221;default&#8221;][et_pb_text _builder_version=&#8221;4.9.4&#8243; _module_preset=&#8221;default&#8221;]<\/p>\n<h1>DENiTOL\u00ae-GK<\/h1>\n<p>[\/et_pb_text][et_pb_text _builder_version=&#8221;4.9.4&#8243; _module_preset=&#8221;default&#8221;]<\/p>\n<p>Our DENiTOL\u00ae-GK is a glycol-based product used as an external carbon source specifically designed for denitrification in biological sewage treatment plants with temporary substrate use. DENiTOL\u00ae-GK is eminently suitable for use as an external carbon with a high degree of efficiency in plants that are not designed as explosion-proof plants.<\/p>\n<p>DENiTOL\u00ae-GK has been used for many years in various sewage treatment plants in Germany and Europe without any issues. It can be used all year round and is fully biodegradable.<\/p>\n<p>DENiTOL\u00ae-GK is not classed as dangerous goods and can be stored in plastic containers. Its adaptability is near instantaneous, so that the product is effective immediately after application.<\/p>\n<p>[\/et_pb_text][et_pb_button button_url=&#8221;@ET-DC@eyJkeW5hbWljIjp0cnVlLCJjb250ZW50IjoicG9zdF9saW5rX3VybF9wYWdlIiwic2V0dGluZ3MiOnsicG9zdF9pZCI6IjU0In19@&#8221; button_text=&#8221;Return to overview&#8221; module_class=&#8221;btn-blue&#8221; _builder_version=&#8221;4.9.4&#8243; _dynamic_attributes=&#8221;button_url&#8221; _module_preset=&#8221;default&#8221;][\/et_pb_button][\/et_pb_column][\/et_pb_row][et_pb_row module_class=&#8221;plr-30&#8243; _builder_version=&#8221;4.9.4&#8243; _module_preset=&#8221;default&#8221; width=&#8221;100%&#8221; max_width=&#8221;1380px&#8221;][et_pb_column type=&#8221;4_4&#8243; _builder_version=&#8221;4.9.4&#8243; _module_preset=&#8221;default&#8221;][et_pb_tabs module_class=&#8221;productfeatures abwasser&#8221; _builder_version=&#8221;4.9.4&#8243; _module_preset=&#8221;default&#8221; custom_margin=&#8221;-6px|||||&#8221;][et_pb_tab title=&#8221;Product characteristics&#8221; _builder_version=&#8221;4.9.4&#8243; _module_preset=&#8221;default&#8221;]<\/p>\n<table style=\"border-collapse: collapse; width: 100%; height: 207px;\" border=\"1\">\n<tbody>\n<tr style=\"height: 23px;\">\n<td style=\"width: 33.3333%; height: 23px;\"><strong>Characteristics<\/strong><\/td>\n<td style=\"width: 33.3333%; height: 23px;\"><strong>Guarantee value<\/strong><\/td>\n<td style=\"width: 33.3333%; height: 23px;\"><strong>Typical value<\/strong><\/td>\n<\/tr>\n<tr style=\"height: 23px;\">\n<td style=\"width: 33.3333%; height: 23px;\">Monoethylene glycol<\/td>\n<td style=\"width: 33.3333%; height: 23px;\">min. 95% &#8211; max. 99.5%<\/td>\n<td style=\"width: 33.3333%; height: 23px;\">97.0%<\/td>\n<\/tr>\n<tr style=\"height: 23px;\">\n<td style=\"width: 33.3333%; height: 23px;\">DEG<\/td>\n<td style=\"width: 33.3333%; height: 23px;\">0 &#8211; 3%<\/td>\n<td style=\"width: 33.3333%; height: 23px;\">2%<\/td>\n<\/tr>\n<tr style=\"height: 23px;\">\n<td style=\"width: 33.3333%; height: 23px;\">COD<\/td>\n<td style=\"width: 33.3333%; height: 23px;\"><\/td>\n<td style=\"width: 33.3333%; height: 23px;\">1,500 g \/ kg<\/td>\n<\/tr>\n<tr style=\"height: 23px;\">\n<td style=\"width: 33.3333%; height: 23px;\">BOD<sub>5<\/sub><\/td>\n<td style=\"width: 33.3333%; height: 23px;\"><\/td>\n<td style=\"width: 33.3333%; height: 23px;\">750 g \/ kg<\/td>\n<\/tr>\n<tr style=\"height: 23px;\">\n<td style=\"width: 33.3333%; height: 23px;\">Specific weight<\/td>\n<td style=\"width: 33.3333%; height: 23px;\">1,115 (20\/22\u00b0)<\/td>\n<td style=\"width: 33.3333%; height: 23px;\">1.5%<\/td>\n<\/tr>\n<tr style=\"height: 23px;\">\n<td style=\"width: 33.3333%; height: 23px;\">Water according to Karl Fischer<\/td>\n<td style=\"width: 33.3333%; height: 23px;\">0.033 &#8211; 3<\/td>\n<td style=\"width: 33.3333%; height: 23px;\">1<\/td>\n<\/tr>\n<tr style=\"height: 23px;\">\n<td style=\"width: 33.3333%; height: 23px;\">Colour Pt-Co<\/td>\n<td style=\"width: 33.3333%; height: 23px;\">&gt; 5 &#8211; 20<\/td>\n<td style=\"width: 33.3333%; height: 23px;\">5<\/td>\n<\/tr>\n<\/tbody>\n<\/table>\n<p class=\"infotext\">\n<p>[\/et_pb_tab][\/et_pb_tabs][\/et_pb_column][\/et_pb_row][\/et_pb_section]<\/p>\n","protected":false},"excerpt":{"rendered":"<p>DENiTOL\u00ae-GKOur DENiTOL\u00ae-GK is a glycol-based product used as an external carbon source specifically designed for denitrification in biological sewage treatment plants with temporary substrate use. DENiTOL\u00ae-GK is eminently suitable for use as an external carbon with a high degree of efficiency in plants that are not designed as explosion-proof plants. DENiTOL\u00ae-GK has been used for [&hellip;]<\/p>\n","protected":false},"author":1,"featured_media":0,"parent":984,"menu_order":2,"comment_status":"closed","ping_status":"closed","template":"","meta":{"_et_pb_use_builder":"on","_et_pb_old_content":"[et_pb_section fb_built=\"1\" fullwidth=\"on\" module_class=\"h-200\" _builder_version=\"4.9.4\" _module_preset=\"default\"][et_pb_fullwidth_image src=\"https:\/\/www.gelsenchem.de\/wp-content\/uploads\/2021\/09\/Abwasserchemie_sm.jpg\" title_text=\"Abwasserchemie_sm\" _builder_version=\"4.9.4\" _module_preset=\"default\"][\/et_pb_fullwidth_image][\/et_pb_section][et_pb_section fb_built=\"1\" _builder_version=\"4.9.4\" _module_preset=\"default\"][et_pb_row module_class=\"plr-30\" _builder_version=\"4.9.4\" _module_preset=\"default\" width=\"100%\" max_width=\"1380px\"][et_pb_column type=\"4_4\" _builder_version=\"4.9.4\" _module_preset=\"default\"][et_pb_text _builder_version=\"4.9.4\" _module_preset=\"default\"]\n<h1>DENiTOL\u00ae - GK<\/h1>\n[\/et_pb_text][et_pb_text _builder_version=\"4.9.4\" _module_preset=\"default\"]\n\n<span>Unser DENiTOL\u00ae - GK ist ein Produkt auf Basis von Glykol, zum Einsatz als externe Kohlenstoffquelle speziell f\u00fcr die Denitrifikation in biologischen Kl\u00e4ranlagen mit tempor\u00e4rem Substrateinsatz. DENiTOL\u00ae- GK ist insbesondere auf Anlagen, die nicht als ex-gesch\u00fctzte Anlagen ausgelegt sind, hervorragend als externe Kohlenstoffquelle mit hohem Wirkungsgrad verwendbar.<\/span>\n\n<span>DENiTOL\u00ae - GK wird seit vielen Jahren auf diversen Kl\u00e4ranlagen und Deponien in Deutschland und Europa problemlos eingesetzt. Es kann ganzj\u00e4hrig verwendet werden und ist vollst\u00e4ndig biologisch abbaubar.<\/span>\n\n<span>DENiTOL\u00ae - GK ist kein Gefahrgut und kann in Kuststoffbeh\u00e4ltern gelagert werden. Durch sofortige Adaptierbarkeit entfaltet sich der Wirkungsgrad unseres Produktes unverz\u00fcglich nach Anwendung.<\/span>\n\n[\/et_pb_text][et_pb_button button_url=\"@ET-DC@eyJkeW5hbWljIjp0cnVlLCJjb250ZW50IjoicG9zdF9saW5rX3VybF9wYWdlIiwic2V0dGluZ3MiOnsicG9zdF9pZCI6IjU0In19@\" button_text=\"Zur\u00fcck zur \u00dcbersicht\" module_class=\"btn-blue\" _builder_version=\"4.9.4\" _dynamic_attributes=\"button_url\" _module_preset=\"default\"][\/et_pb_button][\/et_pb_column][\/et_pb_row][et_pb_row module_class=\"plr-30\" _builder_version=\"4.9.4\" _module_preset=\"default\" width=\"100%\" max_width=\"1380px\"][et_pb_column type=\"4_4\" _builder_version=\"4.9.4\" _module_preset=\"default\"][et_pb_tabs module_class=\"productfeatures abwasser\" _builder_version=\"4.9.4\" _module_preset=\"default\" custom_margin=\"-6px|||||\" hover_enabled=\"0\" sticky_enabled=\"0\"][et_pb_tab title=\"Produktmerkmale\" _builder_version=\"4.9.4\" _module_preset=\"default\"]\n<table style=\"border-collapse: collapse; width: 100%; height: 207px;\" border=\"1\">\n<tbody>\n<tr style=\"height: 23px;\">\n<td style=\"width: 33.3333%; height: 23px;\"><strong>Merkmale<\/strong><\/td>\n<td style=\"width: 33.3333%; height: 23px;\"><strong>Garantiewert<\/strong><\/td>\n<td style=\"width: 33.3333%; height: 23px;\"><strong>Typischer Wert<\/strong><\/td>\n<\/tr>\n<tr style=\"height: 23px;\">\n<td style=\"width: 33.3333%; height: 23px;\">Monoethylenglykol<\/td>\n<td style=\"width: 33.3333%; height: 23px;\">Min. 95 % - Max. 99,5 %<\/td>\n<td style=\"width: 33.3333%; height: 23px;\">97,0 %<\/td>\n<\/tr>\n<tr style=\"height: 23px;\">\n<td style=\"width: 33.3333%; height: 23px;\">DEG<\/td>\n<td style=\"width: 33.3333%; height: 23px;\">0 - 3 %<\/td>\n<td style=\"width: 33.3333%; height: 23px;\">2 %<\/td>\n<\/tr>\n<tr style=\"height: 23px;\">\n<td style=\"width: 33.3333%; height: 23px;\">CSB<\/td>\n<td style=\"width: 33.3333%; height: 23px;\"><\/td>\n<td style=\"width: 33.3333%; height: 23px;\">1.500 g \/ kg<\/td>\n<\/tr>\n<tr style=\"height: 23px;\">\n<td style=\"width: 33.3333%; height: 23px;\">BSB5<\/td>\n<td style=\"width: 33.3333%; height: 23px;\"><\/td>\n<td style=\"width: 33.3333%; height: 23px;\">750 g \/ kg<\/td>\n<\/tr>\n<tr style=\"height: 23px;\">\n<td style=\"width: 33.3333%; height: 23px;\">Spezifisches Gewicht<\/td>\n<td style=\"width: 33.3333%; height: 23px;\">1,115 (20\/22\u00b0)<\/td>\n<td style=\"width: 33.3333%; height: 23px;\">1,5 %<\/td>\n<\/tr>\n<tr style=\"height: 23px;\">\n<td style=\"width: 33.3333%; height: 23px;\">Wasser nach Karl Fischer<\/td>\n<td style=\"width: 33.3333%; height: 23px;\">0,033 - 3<\/td>\n<td style=\"width: 33.3333%; height: 23px;\">1<\/td>\n<\/tr>\n<tr style=\"height: 23px;\">\n<td style=\"width: 33.3333%; height: 23px;\">Farbe Pt-Co<\/td>\n<td style=\"width: 33.3333%; height: 23px;\">&gt; 5 - 20<\/td>\n<td style=\"width: 33.3333%; height: 23px;\">5<\/td>\n<\/tr>\n<\/tbody>\n<\/table>\n<p class=\"infotext\"><\/p>\n[\/et_pb_tab][\/et_pb_tabs][\/et_pb_column][\/et_pb_row][\/et_pb_section]","_et_gb_content_width":"","footnotes":""},"class_list":["post-963","page","type-page","status-publish","hentry"],"yoast_head":"<!-- This site is optimized with the Yoast SEO plugin v27.4 - https:\/\/yoast.com\/product\/yoast-seo-wordpress\/ -->\n<title>DENiTOL\u00ae - GK - Gelsenchem Chemical Products<\/title>\n<meta name=\"robots\" content=\"index, follow, max-snippet:-1, max-image-preview:large, max-video-preview:-1\" \/>\n<link rel=\"canonical\" href=\"https:\/\/www.gelsenchem.de\/en\/products\/chemicals-for-wastewater-treatment\/denitol-gk\/\" \/>\n<meta property=\"og:locale\" content=\"en_US\" \/>\n<meta property=\"og:type\" content=\"article\" \/>\n<meta property=\"og:title\" content=\"DENiTOL\u00ae - GK - Gelsenchem Chemical Products\" \/>\n<meta property=\"og:description\" content=\"DENiTOL\u00ae-GKOur DENiTOL\u00ae-GK is a glycol-based product used as an external carbon source specifically designed for denitrification in biological sewage treatment plants with temporary substrate use. DENiTOL\u00ae-GK is eminently suitable for use as an external carbon with a high degree of efficiency in plants that are not designed as explosion-proof plants. DENiTOL\u00ae-GK has been used for [&hellip;]\" \/>\n<meta property=\"og:url\" content=\"https:\/\/www.gelsenchem.de\/en\/products\/chemicals-for-wastewater-treatment\/denitol-gk\/\" \/>\n<meta property=\"og:site_name\" content=\"Gelsenchem Chemical Products\" \/>\n<meta property=\"article:modified_time\" content=\"2021-09-27T14:24:00+00:00\" \/>\n<meta name=\"twitter:card\" content=\"summary_large_image\" \/>\n<meta name=\"twitter:label1\" content=\"Est. reading time\" \/>\n\t<meta name=\"twitter:data1\" content=\"2 minutes\" \/>\n<script type=\"application\/ld+json\" class=\"yoast-schema-graph\">{\"@context\":\"https:\\\/\\\/schema.org\",\"@graph\":[{\"@type\":\"WebPage\",\"@id\":\"https:\\\/\\\/www.gelsenchem.de\\\/en\\\/products\\\/chemicals-for-wastewater-treatment\\\/denitol-gk\\\/\",\"url\":\"https:\\\/\\\/www.gelsenchem.de\\\/en\\\/products\\\/chemicals-for-wastewater-treatment\\\/denitol-gk\\\/\",\"name\":\"DENiTOL\u00ae - GK - Gelsenchem Chemical Products\",\"isPartOf\":{\"@id\":\"https:\\\/\\\/www.gelsenchem.de\\\/#website\"},\"datePublished\":\"2021-09-14T08:32:39+00:00\",\"dateModified\":\"2021-09-27T14:24:00+00:00\",\"breadcrumb\":{\"@id\":\"https:\\\/\\\/www.gelsenchem.de\\\/en\\\/products\\\/chemicals-for-wastewater-treatment\\\/denitol-gk\\\/#breadcrumb\"},\"inLanguage\":\"en-US\",\"potentialAction\":[{\"@type\":\"ReadAction\",\"target\":[\"https:\\\/\\\/www.gelsenchem.de\\\/en\\\/products\\\/chemicals-for-wastewater-treatment\\\/denitol-gk\\\/\"]}]},{\"@type\":\"BreadcrumbList\",\"@id\":\"https:\\\/\\\/www.gelsenchem.de\\\/en\\\/products\\\/chemicals-for-wastewater-treatment\\\/denitol-gk\\\/#breadcrumb\",\"itemListElement\":[{\"@type\":\"ListItem\",\"position\":1,\"name\":\"Startseite\",\"item\":\"https:\\\/\\\/www.gelsenchem.de\\\/en\\\/\"},{\"@type\":\"ListItem\",\"position\":2,\"name\":\"Products\",\"item\":\"https:\\\/\\\/www.gelsenchem.de\\\/en\\\/products\\\/\"},{\"@type\":\"ListItem\",\"position\":3,\"name\":\"Chemicals for Wastewater Treatment\",\"item\":\"https:\\\/\\\/www.gelsenchem.de\\\/en\\\/products\\\/chemicals-for-wastewater-treatment\\\/\"},{\"@type\":\"ListItem\",\"position\":4,\"name\":\"DENiTOL\u00ae &#8211; GK\"}]},{\"@type\":\"WebSite\",\"@id\":\"https:\\\/\\\/www.gelsenchem.de\\\/#website\",\"url\":\"https:\\\/\\\/www.gelsenchem.de\\\/\",\"name\":\"Gelsenchem Chemical Products\",\"description\":\"\",\"potentialAction\":[{\"@type\":\"SearchAction\",\"target\":{\"@type\":\"EntryPoint\",\"urlTemplate\":\"https:\\\/\\\/www.gelsenchem.de\\\/?s={search_term_string}\"},\"query-input\":{\"@type\":\"PropertyValueSpecification\",\"valueRequired\":true,\"valueName\":\"search_term_string\"}}],\"inLanguage\":\"en-US\"}]}<\/script>\n<!-- \/ Yoast SEO plugin. -->","yoast_head_json":{"title":"DENiTOL\u00ae - GK - Gelsenchem Chemical Products","robots":{"index":"index","follow":"follow","max-snippet":"max-snippet:-1","max-image-preview":"max-image-preview:large","max-video-preview":"max-video-preview:-1"},"canonical":"https:\/\/www.gelsenchem.de\/en\/products\/chemicals-for-wastewater-treatment\/denitol-gk\/","og_locale":"en_US","og_type":"article","og_title":"DENiTOL\u00ae - GK - Gelsenchem Chemical Products","og_description":"DENiTOL\u00ae-GKOur DENiTOL\u00ae-GK is a glycol-based product used as an external carbon source specifically designed for denitrification in biological sewage treatment plants with temporary substrate use. DENiTOL\u00ae-GK is eminently suitable for use as an external carbon with a high degree of efficiency in plants that are not designed as explosion-proof plants. DENiTOL\u00ae-GK has been used for [&hellip;]","og_url":"https:\/\/www.gelsenchem.de\/en\/products\/chemicals-for-wastewater-treatment\/denitol-gk\/","og_site_name":"Gelsenchem Chemical Products","article_modified_time":"2021-09-27T14:24:00+00:00","twitter_card":"summary_large_image","twitter_misc":{"Est. reading time":"2 minutes"},"schema":{"@context":"https:\/\/schema.org","@graph":[{"@type":"WebPage","@id":"https:\/\/www.gelsenchem.de\/en\/products\/chemicals-for-wastewater-treatment\/denitol-gk\/","url":"https:\/\/www.gelsenchem.de\/en\/products\/chemicals-for-wastewater-treatment\/denitol-gk\/","name":"DENiTOL\u00ae - GK - Gelsenchem Chemical Products","isPartOf":{"@id":"https:\/\/www.gelsenchem.de\/#website"},"datePublished":"2021-09-14T08:32:39+00:00","dateModified":"2021-09-27T14:24:00+00:00","breadcrumb":{"@id":"https:\/\/www.gelsenchem.de\/en\/products\/chemicals-for-wastewater-treatment\/denitol-gk\/#breadcrumb"},"inLanguage":"en-US","potentialAction":[{"@type":"ReadAction","target":["https:\/\/www.gelsenchem.de\/en\/products\/chemicals-for-wastewater-treatment\/denitol-gk\/"]}]},{"@type":"BreadcrumbList","@id":"https:\/\/www.gelsenchem.de\/en\/products\/chemicals-for-wastewater-treatment\/denitol-gk\/#breadcrumb","itemListElement":[{"@type":"ListItem","position":1,"name":"Startseite","item":"https:\/\/www.gelsenchem.de\/en\/"},{"@type":"ListItem","position":2,"name":"Products","item":"https:\/\/www.gelsenchem.de\/en\/products\/"},{"@type":"ListItem","position":3,"name":"Chemicals for Wastewater Treatment","item":"https:\/\/www.gelsenchem.de\/en\/products\/chemicals-for-wastewater-treatment\/"},{"@type":"ListItem","position":4,"name":"DENiTOL\u00ae &#8211; GK"}]},{"@type":"WebSite","@id":"https:\/\/www.gelsenchem.de\/#website","url":"https:\/\/www.gelsenchem.de\/","name":"Gelsenchem Chemical Products","description":"","potentialAction":[{"@type":"SearchAction","target":{"@type":"EntryPoint","urlTemplate":"https:\/\/www.gelsenchem.de\/?s={search_term_string}"},"query-input":{"@type":"PropertyValueSpecification","valueRequired":true,"valueName":"search_term_string"}}],"inLanguage":"en-US"}]}},"_links":{"self":[{"href":"https:\/\/www.gelsenchem.de\/en\/wp-json\/wp\/v2\/pages\/963","targetHints":{"allow":["GET"]}}],"collection":[{"href":"https:\/\/www.gelsenchem.de\/en\/wp-json\/wp\/v2\/pages"}],"about":[{"href":"https:\/\/www.gelsenchem.de\/en\/wp-json\/wp\/v2\/types\/page"}],"author":[{"embeddable":true,"href":"https:\/\/www.gelsenchem.de\/en\/wp-json\/wp\/v2\/users\/1"}],"replies":[{"embeddable":true,"href":"https:\/\/www.gelsenchem.de\/en\/wp-json\/wp\/v2\/comments?post=963"}],"version-history":[{"count":6,"href":"https:\/\/www.gelsenchem.de\/en\/wp-json\/wp\/v2\/pages\/963\/revisions"}],"predecessor-version":[{"id":1493,"href":"https:\/\/www.gelsenchem.de\/en\/wp-json\/wp\/v2\/pages\/963\/revisions\/1493"}],"up":[{"embeddable":true,"href":"https:\/\/www.gelsenchem.de\/en\/wp-json\/wp\/v2\/pages\/984"}],"wp:attachment":[{"href":"https:\/\/www.gelsenchem.de\/en\/wp-json\/wp\/v2\/media?parent=963"}],"curies":[{"name":"wp","href":"https:\/\/api.w.org\/{rel}","templated":true}]}}